{"id":142,"date":"2017-12-27T19:44:56","date_gmt":"2017-12-28T02:44:56","guid":{"rendered":"https:\/\/home.firstcanadian.ca\/?page_id=142"},"modified":"2023-11-29T15:12:53","modified_gmt":"2023-11-29T22:12:53","slug":"group-benefits-old","status":"publish","type":"page","link":"https:\/\/home-uatvm.firstcanadian.ca\/fr\/group-benefits-old\/","title":{"rendered":"Assurance collective"},"content":{"rendered":"<div class=\"wpb-content-wrapper\"><p>[vc_row equal_height=&#8221;yes&#8221; content_placement=&#8221;middle&#8221; parallax=&#8221;content-moving&#8221; css_animation=&#8221;fadeIn&#8221; css=&#8221;.vc_custom_1527824867872{background-image: url(https:\/\/home-uat.firstcanadian.ca\/wp-content\/uploads\/2018\/06\/FCI-Group-Benefits-Edited.jpg?id=5475) !important;background-position: center;background-repeat: no-repeat !important;background-size: cover !important;}&#8221; el_id=&#8221;mybenefits-fullpage-anchor&#8221; el_class=&#8221;section&#8221;][vc_column width=&#8221;1\/3&#8243; css=&#8221;.vc_custom_1527097793193{margin-top: 0px !important;margin-right: 0px !important;margin-bottom: 0px !important;margin-left: 0px !important;padding-top: 0px !important;padding-right: 0px !important;padding-bottom: 0px !important;padding-left: 0px !important;background-position: center !important;background-repeat: no-repeat !important;background-size: cover !important;}&#8221; offset=&#8221;vc_col-lg-4 vc_hidden-sm vc_hidden-xs&#8221;][\/vc_column][vc_column css_animation=&#8221;none&#8221; width=&#8221;2\/3&#8243; offset=&#8221;vc_col-lg-8 vc_col-md-12 vc_col-sm-offset-0 vc_col-xs-12&#8243; el_class=&#8221;h100&#8243;][vc_column_text css=&#8221;.vc_custom_1673649292345{margin-top: 0px !important;margin-right: 0px !important;margin-bottom: 0px !important;margin-left: 0px !important;padding-top: 0px !important;padding-right: 0px !important;padding-bottom: 0px !important;padding-left: 0px !important;}&#8221; el_class=&#8221;blue&#8221;]<\/p>\n<h2>Assurance collective<\/h2>\n<p><small>*Non disponible pour la vente dans la province du Qu\u00e9bec<\/small>[\/vc_column_text][vc_column_text css=&#8221;.vc_custom_1551735810796{margin-top: 0px !important;margin-right: 0px !important;margin-bottom: 10px !important;margin-left: 0px !important;padding-top: 0px !important;padding-right: 0px !important;padding-bottom: 0px !important;padding-left: 0px !important;}&#8221;]<\/p>\n<h6><em>Un r\u00e9gime d&#8217;assurance collective First Canadian vous offre une gamme compl\u00e8te d&#8217;options de protection con\u00e7ues pour r\u00e9pondre aux besoins de votre entreprise et de vos employ\u00e9s.<\/em><\/h6>\n<p>[\/vc_column_text][vc_row_inner gap=&#8221;10&#8243; css=&#8221;.vc_custom_1527695086600{margin-top: 0px !important;margin-right: 0px !important;margin-bottom: 0px !important;margin-left: 0px !important;padding-top: 0px !important;padding-right: 0px !important;padding-bottom: 0px !important;padding-left: 0px !important;}&#8221;][vc_column_inner width=&#8221;1\/2&#8243; css=&#8221;.vc_custom_1527695090401{margin-top: 0px !important;margin-bottom: 0px !important;margin-left: 0px !important;padding-top: 0px !important;padding-bottom: 0px !important;padding-left: 0px !important;}&#8221;][vc_column_text css=&#8221;.vc_custom_1551735908955{margin-bottom: 20px !important;}&#8221;]<\/p>\n<p style=\"color: #0d3b66;\"><strong>Nous offrons les protections suivantes, pour vous permettre de fournir \u00e0 vos employ\u00e9s et \u00e0 leurs familles la protection et le soutien dont ils ont besoin:<\/strong><\/p>\n<ul>\n<li>Assurance vie collective<\/li>\n<li>Assurance d\u00e9c\u00e8s et mutilations par accident<\/li>\n<li>Assurance maladie grave collective<\/li>\n<li>Assurance invalidit\u00e9 collective<\/li>\n<li>Assurance maladie collective<\/li>\n<li>Assurance soins dentaires<\/li>\n<li>Compte de frais m\u00e9dicaux<\/li>\n<li>Programme de soutien pour les employ\u00e9s et leur famille<\/li>\n<li>Programme de soutien des cadres<\/li>\n<\/ul>\n<p>[\/vc_column_text][\/vc_column_inner][vc_column_inner width=&#8221;1\/2&#8243; css=&#8221;.vc_custom_1527695083225{margin-top: 0px !important;margin-right: 0px !important;margin-bottom: 0px !important;padding-top: 0px !important;padding-right: 0px !important;padding-bottom: 0px !important;}&#8221;][vc_column_text css=&#8221;.vc_custom_1551736138978{margin-bottom: 20px !important;}&#8221;]<\/p>\n<p style=\"color: #0d3b66;\"><strong>Gestion de l&#8217;assurance en ligne \u2013 Ouvrez une session dans le portail en ligne s\u00e9curis\u00e9 my-benefits\u00ae afin de:<\/strong><\/p>\n<ul>\n<li>Consulter votre brochure d&#8217;assurance des employ\u00e9s pour conna\u00eetre la protection pr\u00e9vue par votre assurance<\/li>\n<li>Conna\u00eetre vos conditions d&#8217;admissibilit\u00e9<\/li>\n<li>Soumettre une r\u00e9clamation pour maladie ou soins dentaires<\/li>\n<li>Imprimer les formulaires de r\u00e9clamation<\/li>\n<li>Consulter l&#8217;information concernant les r\u00e9clamations pour vous et votre famille<\/li>\n<li>S&#8217;inscrire au service de d\u00e9p\u00f4t direct pour que les r\u00e8glements soient vers\u00e9s directement dans votre compte bancaire<\/li>\n<li>Pour les administrateurs du plan, g\u00e9rer les inscriptions et les dossiers de vos membres<\/li>\n<\/ul>\n<p>[\/vc_column_text][\/vc_column_inner][\/vc_row_inner][vc_raw_html css=&#8221;.vc_custom_1551736098686{margin-top: 0px !important;margin-right: 0px !important;margin-bottom: 0px !important;margin-left: 0px !important;padding-top: 0px !important;padding-right: 0px !important;padding-bottom: 0px !important;padding-left: 0px !important;}&#8221;]JTNDZGl2JTIwY2xhc3MlM0QlMjJ2Y19yb3clMjIlM0UlMEElMjAlMjAlMjAlMjAlM0NkaXYlMjBjbGFzcyUzRCUyMndwYl9jb2x1bW4lMjB2Y19jb2x1bW5fY29udGFpbmVyJTIwdmNfY29sLXNtLTYlMjB2Y19jb2wtbWQtNCUyMHZjX2NvbC1sZy02JTIyJTNFJTBBJTIwJTIwJTIwJTIwJTNDYSUyMGhyZWYlM0QlMjJodHRwcyUzQSUyRiUyRnd3dy5teS1iZW5lZml0cy5jYSUyRiUyMyUyRmxvZ2luJTIyJTIwdGFyZ2V0JTNEJTIyX2JsYW5rJTIyJTNFJTBBJTIwJTIwJTIwJTIwJTIwJTIwJTIwJTIwJTNDZGl2JTIwY2xhc3MlM0QlMjJidG5feWVsbG93JTIyJTNFU2UlMjBjb25uZWN0ZXIlMjAlQzMlQTAlMjBteS1iZW5lZml0cyVDMiVBRSUwQSUyMCUyMCUyMCUyMCUyMCUyMCUyMCUyMCUzQyUyRmRpdiUzRSUwQSUyMCUyMCUyMCUyMCUzQyUyRmElM0UlMEElMjAlMjAlMjAlMjAlM0MlMkZkaXYlM0UlMEElM0MlMkZkaXYlM0U=[\/vc_raw_html][vc_row_inner css=&#8221;.vc_custom_1535128905971{margin-top: 15px !important;}&#8221;][vc_column_inner offset=&#8221;vc_col-md-6&#8243;][vc_video link=&#8221;https:\/\/player.vimeo.com\/video\/285482590&#8243; align=&#8221;center&#8221;][\/vc_column_inner][vc_column_inner offset=&#8221;vc_col-md-6&#8243;][vc_video link=&#8221;https:\/\/player.vimeo.com\/video\/285482532&#8243; align=&#8221;center&#8221;][\/vc_column_inner][\/vc_row_inner][\/vc_column][\/vc_row][vc_row css=&#8221;.vc_custom_1549405146679{margin-top: 0px !important;margin-right: 0px !important;margin-bottom: 0px !important;margin-left: 0px !important;padding-top: 0px !important;padding-right: 0px !important;padding-bottom: 0px !important;padding-left: 0px !important;}&#8221; el_id=&#8221;footer-fullpage-anchor&#8221; el_class=&#8221;section fp-auto-height&#8221;][vc_column css=&#8221;.vc_custom_1526663041509{margin-top: 0px !important;margin-right: 0px !important;margin-bottom: 0px !important;margin-left: 0px !important;padding-top: 0px !important;padding-right: 0px !important;padding-bottom: 0px !important;padding-left: 0px !important;}&#8221;][vc_row_inner gap=&#8221;20&#8243; css=&#8221;.vc_custom_1528227172200{margin-top: 0px !important;margin-right: 0px !important;margin-bottom: 0px !important;margin-left: 0px !important;padding-top: 25px !important;padding-right: 75px !important;padding-bottom: 75px !important;padding-left: 75px !important;background-image: url(https:\/\/home-uat.firstcanadian.ca\/wp-content\/uploads\/2018\/06\/FCI-VehicleProtection-Hero.jpg?id=5527) !important;background-position: center !important;background-repeat: no-repeat !important;background-size: cover !important;}&#8221; el_class=&#8221;fullpagefooter&#8221;][vc_column_inner width=&#8221;1\/5&#8243;][vc_single_image image=&#8221;7101&#8243; img_size=&#8221;full&#8221;][\/vc_column_inner][vc_column_inner width=&#8221;1\/5&#8243;][vc_column_text]<\/p>\n<h5>Produits<\/h5>\n<p><a href=\"\/fr\/life-insurance\/\">Assurance vie<\/a><br \/>\n<a href=\"\/fr\/vehicle-protection\/\">Protection pour autos et v\u00e9hicules r\u00e9cr\u00e9atifs<\/a><br \/>\n<a href=\"\/fr\/group-benefits\/\">Assurance collective<\/a>[\/vc_column_text][\/vc_column_inner][vc_column_inner width=&#8221;1\/5&#8243;][vc_column_text]<\/p>\n<h5>Pour nous joindre<\/h5>\n<p><a href=\"tel:1-800-561-3242\">1.800.561.3242<\/a><br \/>\n<a href=\"\/fr\/contact\/\">Pour nous joindre<\/a><br \/>\n<a href=\"\/fr\/contact\/\">Demandes de r\u00e8glement<\/a>[\/vc_column_text][\/vc_column_inner][vc_column_inner width=&#8221;1\/5&#8243;][vc_column_text]<\/p>\n<h5>Nos coordonn\u00e9es<\/h5>\n<p><a href=\"https:\/\/www.google.ca\/maps\/place\/First+Canadian+Insurance+Corporation\/@53.5356936,-113.333939,17z\/data=!3m1!4b1!4m5!3m4!1s0x53a023532e7797c9:0xd725689f829b1bce!8m2!3d53.5356904!4d-113.3317503\" target=\"_blank\" rel=\"noopener noreferrer\">Groupe financier First Canadian<br \/>\n320 chemin Sioux<br \/>\nSherwood Park, AB<br \/>\nT8A 3X6<\/a>[\/vc_column_text][\/vc_column_inner][vc_column_inner width=&#8221;1\/5&#8243;][vc_raw_html]JTNDZGl2JTIwY2xhc3MlM0QlMjJmb2xsb3clMjIlM0UlMEElMjAlMjAlMjAlM0NhJTIwaHJlZiUzRCUyMmh0dHBzJTNBJTJGJTJGd3d3LmxpbmtlZGluLmNvbSUyRmNvbXBhbnklMkZmaXJzdC1jYW5hZGlhbi1pbnN1cmFuY2UtY29ycG9yYXRpb24lMjIlMjB0YXJnZXQlM0QlMjJfYmxhbmslMjIlM0UlMEElMjAlMjAlMjAlMjAlMjAlMjAlM0NpJTIwY2xhc3MlM0QlMjJmYWIlMjBmYS1saW5rZWRpbiUyMiUzRSUzQyUyRmklM0UlMEElMjAlMjAlMjAlM0MlMkZhJTNFJTBBJTIwJTIwJTIwJTNDYSUyMGhyZWYlM0QlMjJodHRwcyUzQSUyRiUyRnd3dy5nb29nbGUuY29tJTJGc2VhcmNoJTNGcSUzRGZpcnN0JTJCY2FuYWRpYW4uY2ElMjZybHolM0QxQzFDSEJGX2VuQ0E5MTRDQTkxNCUyNm9xJTNEZmlyc3QlMkJjYW5hZGlhbi5jYSUyNmFxcyUzRGNocm9tZS4wLjY5aTU5ajBpMjJpMzBsM2o2OWk2MGwzajY5aTY1LjMxMjdqMGo5JTI2c291cmNlaWQlM0RjaHJvbWUlMjZpZSUzRFVURi04JTIzbHJkJTNEMHg1M2EwMjM1MzJlNzc5N2M5JTNBMHhkNzI1Njg5ZjgyOWIxYmNlJTJDMSUyMiUyMHRhcmdldCUzRCUyMl9ibGFuayUyMiUzRSUwQSUyMCUyMCUyMCUyMCUyMCUzQ2klMjBjbGFzcyUzRCUyMmZhYiUyMGZhLWdvb2dsZSUyMiUzRSUzQyUyRmklM0UlMEElMjAlMjAlMjAlM0MlMkZhJTNFJTBBJTNDJTJGZGl2JTNFJTBBJTNDZGl2JTIwY2xhc3MlM0QlMjJmb2xsb3clMjIlM0UlMEElMjAlMjAlMjAlM0NpbWclMjBzcmMlM0QlMjIlMkZ3cC1jb250ZW50JTJGdXBsb2FkcyUyRjIwMjMlMkYxMCUyRkNlcnRpZmljYXRpb24tQmFkZ2VfT2N0b2Jlci0yMDIzX0ZSLnBuZyUyMiUzRSUwQSUzQyUyRmRpdiUzRQ==[\/vc_raw_html][\/vc_column_inner][\/vc_row_inner][vc_row_inner css=&#8221;.vc_custom_1526663658705{margin-top: 0px !important;margin-right: 0px !important;margin-bottom: 0px !important;margin-left: 0px !important;padding-top: 25px !important;padding-right: 80px !important;padding-bottom: 25px !important;padding-left: 80px !important;background-color: #0d3b65 !important;}&#8221; el_class=&#8221;fullpagefooter&#8221;][vc_column_inner width=&#8221;1\/2&#8243; css=&#8221;.vc_custom_1526663121996{margin-top: 0px !important;margin-right: 0px !important;margin-bottom: 0px !important;margin-left: 0px !important;padding-top: 0px !important;padding-right: 0px !important;padding-bottom: 0px !important;padding-left: 0px !important;}&#8221;][vc_column_text]<\/p>\n<p style=\"color: #fff;\">2018 \u00a9 Groupe financier First Canadian. Tous droits r\u00e9serv\u00e9s.<\/p>\n<p>[\/vc_column_text][\/vc_column_inner][vc_column_inner width=&#8221;1\/2&#8243; css=&#8221;.vc_custom_1526663113242{margin-top: 0px !important;margin-right: 0px !important;margin-bottom: 0px !important;margin-left: 0px !important;padding-top: 0px !important;padding-right: 0px !important;padding-bottom: 0px !important;padding-left: 0px !important;}&#8221;][vc_column_text]<\/p>\n<p style=\"color: #ffffff; text-align: right;\"><a id=\"prior-disclosure\" href=\"#\">Divulgations r\u00e8glementaires<\/a> | <a href=\"\/fr\/privacy-policy\/\">D\u00e9claration de confidentialit\u00e9<\/a> | <a href=\"\/fr\/legal-notice\/\">Mention Juridique<\/a> | <a href=\"https:\/\/home-uat.firstcanadian.ca\/fr\/complaints\/\">Plaintes<\/a> | <a href=\"https:\/\/home-uat.firstcanadian.ca\/fr\/contact\/\">Pour nous joindre<\/a><\/p>\n<p>[\/vc_column_text][\/vc_column_inner][\/vc_row_inner][\/vc_column][\/vc_row][vc_row][vc_column][vc_column_text]<\/p>\n<p>[\/vc_column_text]<script type=\"text\/javascript\">\n\t\t\t\t(function($){\n\t\t\t\t\t$(document).ready(function(){\n\t\t\t\t\t\tvar selector = \"#prior-disclosure\";\n\t\t\t\t\t\t$(selector).addClass(\"custom-ult-modal overlay-show\");\n\t\t\t\t\t\t$(selector).attr(\"data-class-id\", \"content-6a00b6b14e78e\");\n\t\t\t\t\t\t$(selector).attr(\"data-overlay-class\", \"overlay-cornerbottomleft\");\n\t\t\t\t\t});\n\t\t\t\t})(jQuery);\n\t\t\t\t<\/script>\n<div class=\"ult-overlay content-6a00b6b14e78e \" data-class=\"content-6a00b6b14e78e\" id=\"button-click-overlay\" style=\"background:rgba(51,51,51,0.8); display:none;\">\n\t<div class=\"ult_modal ult-fade ult-small\">\n\t\t<div class=\"ult_modal-content\" style=\"\">\n\t\t\t<div class=\"ult_modal-header\" style=\"color:#333333;\">\n\t\t\t\t<h3 class=\"ult_modal-title\">Divulgations r\u00e8glementaires<\/h3>\n\t\t\t<\/div>\n\t\t\t<div class=\"ult_modal-body ult-html\" style=\"\">\n\t\t\t<a href=\"https:\/\/home-uat.firstcanadian.ca\/wp-content\/uploads\/2023\/03\/LICAT-Public-Disclosure-2022_FR.pdf\" target=\"_blank\" rel=\"noopener noreferrer\">Divulgation publique du LICAT 2022<\/a><\/p>\n<p><a href=\"\/wp-content\/uploads\/2022\/03\/LICAT-Public-Disclosure-2021_FR.pdf\" target=\"_blank\" rel=\"noopener noreferrer\">Divulgation publique du LICAT 2021<\/a><\/p>\n<p><a href=\"\/wp-content\/uploads\/2021\/04\/LICAT-Public-Disclosure-FCIC-2020-FR.pdf\" target=\"_blank\" rel=\"noopener noreferrer\">Divulgation publique du LICAT 2020<\/a><\/p>\n<p><a href=\"\/wp-content\/uploads\/2020\/03\/FR_2019-LICAT-Plublic-Disclosure.pdf\" target=\"_blank\" rel=\"noopener noreferrer\">Divulgation publique du LICAT 2019<\/a><\/p>\n<p><a href=\"\/fr\/regulatory-disclosures\/\" target=\"_blank\" rel=\"noopener noreferrer\">Divulgation publique du LICAT 2018<\/a>\n\t\t\t<\/div>\n\t<\/div>\n\t<\/div>\n\t<div class=\"ult-overlay-close\">Close<\/div>\n<\/div>[\/vc_column][\/vc_row]<\/p>\n<\/div>","protected":false},"excerpt":{"rendered":"<p>[vc_row equal_height=&#8221;yes&#8221; content_placement=&#8221;middle&#8221; parallax=&#8221;content-moving&#8221; css_animation=&#8221;fadeIn&#8221; css=&#8221;.vc_custom_1527824867872{background-image: url(https:\/\/home-uat.firstcanadian.ca\/wp-content\/uploads\/2018\/06\/FCI-Group-Benefits-Edited.jpg?id=5475) !important;background-position: center;background-repeat: no-repeat !important;background-size: cover !important;}&#8221; el_id=&#8221;mybenefits-fullpage-anchor&#8221; el_class=&#8221;section&#8221;][vc_column width=&#8221;1\/3&#8243; css=&#8221;.vc_custom_1527097793193{margin-top: 0px !important;margin-right: 0px !important;margin-bottom: 0px !important;margin-left: 0px !important;padding-top: 0px !important;padding-right: 0px !important;padding-bottom: 0px !important;padding-left: 0px !important;background-position: center !important;background-repeat: no-repeat !important;background-size: cover !important;}&#8221; offset=&#8221;vc_col-lg-4 vc_hidden-sm vc_hidden-xs&#8221;][\/vc_column][vc_column css_animation=&#8221;none&#8221; width=&#8221;2\/3&#8243; offset=&#8221;vc_col-lg-8 vc_col-md-12 vc_col-sm-offset-0 vc_col-xs-12&#8243; el_class=&#8221;h100&#8243;][vc_column_text css=&#8221;.vc_custom_1673649292345{margin-top: 0px !important;margin-right: 0px !important;margin-bottom: 0px !important;margin-left: 0px !important;padding-top: 0px !important;padding-right: 0px !important;padding-bottom: 0px !important;padding-left: 0px !important;}&#8221; el_class=&#8221;blue&#8221;] Assurance collective *Non disponible pour la vente dans la province du Qu\u00e9bec[\/vc_column_text][vc_column_text css=&#8221;.vc_custom_1551735810796{margin-top: 0px !important;margin-right: 0px !important;margin-bottom: 10px !important;margin-left: 0px !important;padding-top: 0px !important;padding-right: 0px !important;padding-bottom: 0px !important;padding-left: 0px !important;}&#8221;] Un r\u00e9gime d&#8217;assurance collective First Canadian vous offre une gamme compl\u00e8te d&#8217;options de protection con\u00e7ues pour r\u00e9pondre aux besoins<\/p>\n","protected":false},"author":1,"featured_media":0,"parent":0,"menu_order":0,"comment_status":"closed","ping_status":"closed","template":"templates\/fullpage-groupBenefits.php","meta":{"footnotes":""},"class_list":["post-142","page","type-page","status-publish","hentry"],"translation":{"provider":"WPGlobus","version":"3.0.2","language":"fr","enabled_languages":["en","fr"],"languages":{"en":{"title":true,"content":true,"excerpt":false},"fr":{"title":true,"content":true,"excerpt":false}}},"yoast_head":"<!-- This site is optimized with the Yoast SEO plugin v26.9 - https:\/\/yoast.com\/product\/yoast-seo-wordpress\/ -->\n<title>Assurance collective - First Canadian Financial Group<\/title>\n<meta name=\"robots\" content=\"index, follow, max-snippet:-1, max-image-preview:large, max-video-preview:-1\" \/>\n<link rel=\"canonical\" href=\"https:\/\/home-uatvm.firstcanadian.ca\/group-benefits-old\/\" \/>\n<meta property=\"og:locale\" content=\"fr_FR\" \/>\n<meta property=\"og:type\" content=\"article\" \/>\n<meta property=\"og:title\" content=\"Assurance collective - First Canadian Financial Group\" \/>\n<meta property=\"og:url\" content=\"https:\/\/home-uatvm.firstcanadian.ca\/group-benefits-old\/\" \/>\n<meta property=\"og:site_name\" content=\"First Canadian Financial Group\" \/>\n<meta property=\"article:modified_time\" content=\"2023-11-29T22:12:53+00:00\" \/>\n<meta name=\"twitter:card\" content=\"summary_large_image\" \/>\n<meta name=\"twitter:label1\" content=\"Est. reading time\" \/>\n\t<meta name=\"twitter:data1\" content=\"3 minutes\" \/>\n<script type=\"application\/ld+json\" class=\"yoast-schema-graph\">{\"@context\":\"https:\/\/schema.org\",\"@graph\":[{\"@type\":\"WebPage\",\"@id\":\"https:\/\/home-uatvm.firstcanadian.ca\/group-benefits-old\/\",\"url\":\"https:\/\/home-uatvm.firstcanadian.ca\/group-benefits-old\/\",\"name\":\"Assurance collective - First Canadian Financial Group\",\"isPartOf\":{\"@id\":\"https:\/\/home-uat.firstcanadian.ca\/#website\"},\"datePublished\":\"2017-12-28T02:44:56+00:00\",\"dateModified\":\"2023-11-29T22:12:53+00:00\",\"breadcrumb\":{\"@id\":\"https:\/\/home-uatvm.firstcanadian.ca\/group-benefits-old\/#breadcrumb\"},\"inLanguage\":\"fr-FR\",\"potentialAction\":[{\"@type\":\"ReadAction\",\"target\":[\"https:\/\/home-uatvm.firstcanadian.ca\/group-benefits-old\/\"]}]},{\"@type\":\"BreadcrumbList\",\"@id\":\"https:\/\/home-uatvm.firstcanadian.ca\/group-benefits-old\/#breadcrumb\",\"itemListElement\":[{\"@type\":\"ListItem\",\"position\":1,\"name\":\"Home\",\"item\":\"https:\/\/home-uat.firstcanadian.ca\/\"},{\"@type\":\"ListItem\",\"position\":2,\"name\":\"Group Benefits Old\"}]},{\"@type\":\"WebSite\",\"@id\":\"https:\/\/home-uat.firstcanadian.ca\/#website\",\"url\":\"https:\/\/home-uat.firstcanadian.ca\/\",\"name\":\"First Canadian Financial Group\",\"description\":\"Protecting Canadians since 1988\",\"potentialAction\":[{\"@type\":\"SearchAction\",\"target\":{\"@type\":\"EntryPoint\",\"urlTemplate\":\"https:\/\/home-uat.firstcanadian.ca\/?s={search_term_string}\"},\"query-input\":{\"@type\":\"PropertyValueSpecification\",\"valueRequired\":true,\"valueName\":\"search_term_string\"}}],\"inLanguage\":\"fr-FR\"}]}<\/script>\n<!-- \/ Yoast SEO plugin. -->","yoast_head_json":{"title":"Assurance collective - First Canadian Financial Group","robots":{"index":"index","follow":"follow","max-snippet":"max-snippet:-1","max-image-preview":"max-image-preview:large","max-video-preview":"max-video-preview:-1"},"canonical":"https:\/\/home-uatvm.firstcanadian.ca\/group-benefits-old\/","og_locale":"fr_FR","og_type":"article","og_title":"Assurance collective - First Canadian Financial Group","og_url":"https:\/\/home-uatvm.firstcanadian.ca\/group-benefits-old\/","og_site_name":"First Canadian Financial Group","article_modified_time":"2023-11-29T22:12:53+00:00","twitter_card":"summary_large_image","twitter_misc":{"Est. reading time":"3 minutes"},"schema":{"@context":"https:\/\/schema.org","@graph":[{"@type":"WebPage","@id":"https:\/\/home-uatvm.firstcanadian.ca\/group-benefits-old\/","url":"https:\/\/home-uatvm.firstcanadian.ca\/group-benefits-old\/","name":"Assurance collective - First Canadian Financial Group","isPartOf":{"@id":"https:\/\/home-uat.firstcanadian.ca\/#website"},"datePublished":"2017-12-28T02:44:56+00:00","dateModified":"2023-11-29T22:12:53+00:00","breadcrumb":{"@id":"https:\/\/home-uatvm.firstcanadian.ca\/group-benefits-old\/#breadcrumb"},"inLanguage":"fr-FR","potentialAction":[{"@type":"ReadAction","target":["https:\/\/home-uatvm.firstcanadian.ca\/group-benefits-old\/"]}]},{"@type":"BreadcrumbList","@id":"https:\/\/home-uatvm.firstcanadian.ca\/group-benefits-old\/#breadcrumb","itemListElement":[{"@type":"ListItem","position":1,"name":"Home","item":"https:\/\/home-uat.firstcanadian.ca\/"},{"@type":"ListItem","position":2,"name":"Group Benefits Old"}]},{"@type":"WebSite","@id":"https:\/\/home-uat.firstcanadian.ca\/#website","url":"https:\/\/home-uat.firstcanadian.ca\/","name":"First Canadian Financial Group","description":"Protecting Canadians since 1988","potentialAction":[{"@type":"SearchAction","target":{"@type":"EntryPoint","urlTemplate":"https:\/\/home-uat.firstcanadian.ca\/?s={search_term_string}"},"query-input":{"@type":"PropertyValueSpecification","valueRequired":true,"valueName":"search_term_string"}}],"inLanguage":"fr-FR"}]}},"_links":{"self":[{"href":"https:\/\/home-uatvm.firstcanadian.ca\/fr\/wp-json\/wp\/v2\/pages\/142","targetHints":{"allow":["GET"]}}],"collection":[{"href":"https:\/\/home-uatvm.firstcanadian.ca\/fr\/wp-json\/wp\/v2\/pages"}],"about":[{"href":"https:\/\/home-uatvm.firstcanadian.ca\/fr\/wp-json\/wp\/v2\/types\/page"}],"author":[{"embeddable":true,"href":"https:\/\/home-uatvm.firstcanadian.ca\/fr\/wp-json\/wp\/v2\/users\/1"}],"replies":[{"embeddable":true,"href":"https:\/\/home-uatvm.firstcanadian.ca\/fr\/wp-json\/wp\/v2\/comments?post=142"}],"version-history":[{"count":50,"href":"https:\/\/home-uatvm.firstcanadian.ca\/fr\/wp-json\/wp\/v2\/pages\/142\/revisions"}],"predecessor-version":[{"id":50946,"href":"https:\/\/home-uatvm.firstcanadian.ca\/fr\/wp-json\/wp\/v2\/pages\/142\/revisions\/50946"}],"wp:attachment":[{"href":"https:\/\/home-uatvm.firstcanadian.ca\/fr\/wp-json\/wp\/v2\/media?parent=142"}],"curies":[{"name":"wp","href":"https:\/\/api.w.org\/{rel}","templated":true}]}}